{"id":2310,"date":"2025-06-17T20:59:14","date_gmt":"2025-06-17T20:59:14","guid":{"rendered":"https:\/\/epunach.com.ec\/wp\/?page_id=2310"},"modified":"2025-07-07T15:00:36","modified_gmt":"2025-07-07T15:00:36","slug":"rendicion-de-cuentas","status":"publish","type":"page","link":"https:\/\/epunach.com.ec\/wp\/rendicion-de-cuentas\/","title":{"rendered":"RENDICI\u00d3N DE CUENTAS"},"content":{"rendered":"\t\t<div data-elementor-type=\"wp-page\" data-elementor-id=\"2310\" class=\"elementor elementor-2310\">\n\t\t\t\t<div class=\"elementor-element elementor-element-fa48a7c e-flex e-con-boxed e-con e-parent\" data-id=\"fa48a7c\" data-element_type=\"container\" data-e-type=\"container\">\n\t\t\t\t\t<div class=\"e-con-inner\">\n\t\t\t\t<div class=\"elementor-element elementor-element-56e6b3c elementor-widget elementor-widget-text-editor\" data-id=\"56e6b3c\" data-element_type=\"widget\" data-e-type=\"widget\" data-widget_type=\"text-editor.default\">\n\t\t\t\t\t\t\t\t\t<p style=\"text-align: center;\"><span style=\"font-size: 18pt;\"><strong><span style=\"color: #000000;\">RENDICI\u00d3N DE CUENTAS 2024 EP UNACH<\/span><\/strong><\/span><\/p><hr \/><p>\u00a0<\/p><p>La rendici\u00f3n de cuentas es un proceso mediante el cual quienes toman decisiones sobre la gesti\u00f3n de lo p\u00fablico, cumplen su deber y responsabilidad de explicar, dar a conocer o responder a la ciudadan\u00eda sobre el manejo de lo p\u00fablico y sus resultados.<\/p><p>\u00a0<\/p><p>El objetivo de este espacio es facilitar el acceso directo a todo lo que deben saber para cumplir con la obligaci\u00f3n de rendir cuentas y conocer c\u00f3mo acceder a la informaci\u00f3n que entregaron todas las instituciones del sector p\u00fablico, los medios de comunicaci\u00f3n, las instituciones de educaci\u00f3n superior y las autoridades de elecci\u00f3n popular.<\/p>\t\t\t\t\t\t\t\t<\/div>\n\t\t\t\t\t<\/div>\n\t\t\t\t<\/div>\n\t\t<div class=\"elementor-element elementor-element-5c01792 e-flex e-con-boxed e-con e-parent\" data-id=\"5c01792\" data-element_type=\"container\" data-e-type=\"container\">\n\t\t\t\t\t<div class=\"e-con-inner\">\n\t\t<div class=\"elementor-element elementor-element-84d31a5 e-con-full e-flex e-con e-child\" data-id=\"84d31a5\" data-element_type=\"container\" data-e-type=\"container\">\n\t\t\t\t<div class=\"elementor-element elementor-element-a88fac6 elementor-widget__width-initial elementor-widget elementor-widget-text-editor\" data-id=\"a88fac6\" data-element_type=\"widget\" data-e-type=\"widget\" data-widget_type=\"text-editor.default\">\n\t\t\t\t\t\t\t\t\t<p style=\"text-align: center;\"><span style=\"font-family: 'times new roman', times, serif; font-size: 14pt; color: #000000;\"><strong><span style=\"vertical-align: inherit;\"><span style=\"vertical-align: inherit;\"><span style=\"vertical-align: inherit;\"><span style=\"vertical-align: inherit;\"><span style=\"vertical-align: inherit;\"><span style=\"vertical-align: inherit;\"><span style=\"vertical-align: inherit;\"><span style=\"vertical-align: inherit;\"><span style=\"vertical-align: inherit;\"><span style=\"vertical-align: inherit;\"><span style=\"vertical-align: inherit;\"><span style=\"vertical-align: inherit;\"><span style=\"vertical-align: inherit;\"><span style=\"vertical-align: inherit;\">FASE 0<\/span><\/span><\/span><\/span><\/span><\/span><\/span><\/span><\/span><\/span><\/span><\/span><\/span><\/span><\/strong><\/span><\/p><p>\u00a0<\/p><p style=\"text-align: center;\"><span style=\"color: #000000;\"><strong><span style=\"vertical-align: inherit;\"><span style=\"vertical-align: inherit;\"><span style=\"vertical-align: inherit;\"><span style=\"vertical-align: inherit;\"><span style=\"vertical-align: inherit;\"><span style=\"vertical-align: inherit;\"><span style=\"vertical-align: inherit;\"><span style=\"vertical-align: inherit;\"><span style=\"vertical-align: inherit;\"><span style=\"vertical-align: inherit;\">Organizaci\u00f3n interna institucional del proceso de rendici\u00f3n de cuentas\u00a0<\/span><\/span><\/span><\/span><\/span><\/span><\/span><\/span><\/span><\/span><\/strong><\/span><\/p><p>\u00a0<\/p><p><a href=\"https:\/\/drive.google.com\/file\/d\/1K766ojE4ylu-F0MJlb7809HoUZAluybq\/view?usp=sharing\"><span style=\"vertical-align: inherit;\"><span style=\"vertical-align: inherit;\">Conformaci\u00f3n del equipo de rendici\u00f3n de cuentas<\/span><\/span><\/a><\/p><p>\u00a0<\/p><p><a href=\"https:\/\/drive.google.com\/file\/d\/1byxfet-eFaUWDzkCAIq6feR6ZjTi0CaL\/view?usp=drive_link\"><span style=\"vertical-align: inherit;\"><span style=\"vertical-align: inherit;\">Dise\u00f1o y aprobaci\u00f3n de la propuesta del proceso de rendici\u00f3n de cuentas<\/span><\/span><\/a><\/p>\t\t\t\t\t\t\t\t<\/div>\n\t\t\t\t<\/div>\n\t\t<div class=\"elementor-element elementor-element-5d1549e e-con-full e-flex e-con e-child\" data-id=\"5d1549e\" data-element_type=\"container\" data-e-type=\"container\">\n\t\t\t\t<div class=\"elementor-element elementor-element-6c23d54 elementor-widget__width-initial elementor-widget elementor-widget-text-editor\" data-id=\"6c23d54\" data-element_type=\"widget\" data-e-type=\"widget\" data-widget_type=\"text-editor.default\">\n\t\t\t\t\t\t\t\t\t<p style=\"text-align: center;\"><span style=\"font-family: 'times new roman', times, serif; font-size: 14pt; color: #000000;\"><strong><span style=\"vertical-align: inherit;\"><span style=\"vertical-align: inherit;\"><span style=\"vertical-align: inherit;\"><span style=\"vertical-align: inherit;\"><span style=\"vertical-align: inherit;\"><span style=\"vertical-align: inherit;\"><span style=\"vertical-align: inherit;\"><span style=\"vertical-align: inherit;\"><span style=\"vertical-align: inherit;\"><span style=\"vertical-align: inherit;\"><span style=\"vertical-align: inherit;\"><span style=\"vertical-align: inherit;\"><span style=\"vertical-align: inherit;\"><span style=\"vertical-align: inherit;\"><span style=\"vertical-align: inherit;\"><span style=\"vertical-align: inherit;\"><span style=\"vertical-align: inherit;\"><span style=\"vertical-align: inherit;\">FASE 1<\/span><\/span><\/span><\/span><\/span><\/span><\/span><\/span><\/span><\/span><\/span><\/span><\/span><\/span><\/span><\/span><\/span><\/span><\/strong><\/span><\/p>\n<p><\/p>\n<p style=\"text-align: center;\"><span style=\"color: #000000;\"><strong><span style=\"vertical-align: inherit;\"><span style=\"vertical-align: inherit;\"><span style=\"vertical-align: inherit;\"><span style=\"vertical-align: inherit;\"><span style=\"vertical-align: inherit;\"><span style=\"vertical-align: inherit;\"><span style=\"vertical-align: inherit;\"><span style=\"vertical-align: inherit;\"><span style=\"vertical-align: inherit;\"><span style=\"vertical-align: inherit;\">Elaboraci\u00f3n del informe de rendici\u00f3n de cuentas<\/span><\/span><\/span><\/span><\/span><\/span><\/span><\/span><\/span><\/span><\/strong><\/span><\/p>\n<p><\/p>\n<p><br><\/p><p><br><\/p><p><br><\/p><p><a href=\"https:\/\/docs.google.com\/forms\/d\/e\/1FAIpQLSfAPX5RVYWgaf_3VxbdWQ5amG-BmiuoCA4ube-ejvDZOhz4Pg\/viewform?usp=sharing&amp;ouid=107512531358355332036\"><span style=\"vertical-align: inherit;\"><span style=\"vertical-align: inherit;\">Solicitud de temas que la ciudadan\u00eda requiera se rinda cuentas&nbsp;<\/span><\/span><\/a><\/p><p><br><\/p>\n<p><\/p>\n<p><span style=\"vertical-align: inherit;\"><span style=\"vertical-align: inherit;\">Evaluaci\u00f3n de la gesti\u00f3n institucional&nbsp;<\/span><\/span><\/p><p><span style=\"vertical-align: inherit;\"><span style=\"vertical-align: inherit;\"><br><\/span><\/span><\/p>\n<p><\/p>\n<p><span style=\"vertical-align: inherit;\"><span style=\"vertical-align: inherit;\">Llenado del formulario de informe de rendici\u00f3n de cuentas emitido por el CPCCS<\/span><\/span><\/p><p><span style=\"vertical-align: inherit;\"><span style=\"vertical-align: inherit;\"><br><\/span><\/span><\/p>\n<p><\/p>\n<p><span style=\"vertical-align: inherit;\"><span style=\"vertical-align: inherit;\">Redacci\u00f3n del informe de rendici\u00f3n de cuentas<\/span><\/span><\/p><p><span style=\"vertical-align: inherit;\"><span style=\"vertical-align: inherit;\"><br><\/span><\/span><\/p>\n<p><\/p>\n<p><span style=\"vertical-align: inherit;\"><span style=\"vertical-align: inherit;\">Socializaci\u00f3n interna del informe de rendici\u00f3n de cuentas<\/span><\/span><\/p><p><span style=\"vertical-align: inherit;\"><span style=\"vertical-align: inherit;\"><br><\/span><\/span><\/p>\n<p><\/p>\n<p><span style=\"vertical-align: inherit;\"><span style=\"vertical-align: inherit;\">Socializaci\u00f3n interna del informe de rendici\u00f3n de cuentas&nbsp;<\/span><\/span><\/p><p><span style=\"vertical-align: inherit;\"><span style=\"vertical-align: inherit;\"><br><\/span><\/span><\/p>\n<p><\/p>\n<p><a href=\"https:\/\/drive.google.com\/file\/d\/1nVdkb08Sw9OvS8n63lbEbf4M4HnfffJo\/view?usp=sharing\"><span style=\"vertical-align: inherit;\"><span style=\"vertical-align: inherit;\">Aprobaci\u00f3n del informe de rendici\u00f3n de cuentas por parte de la m\u00e1xima autoridad institucional&nbsp;<\/span><\/span><\/a><\/p>\n<ul>\n<li style=\"list-style-type: none;\">&nbsp;<\/li>\n<\/ul>\t\t\t\t\t\t\t\t<\/div>\n\t\t\t\t<\/div>\n\t\t<div class=\"elementor-element elementor-element-c6bcaaf e-con-full e-flex e-con e-child\" data-id=\"c6bcaaf\" data-element_type=\"container\" data-e-type=\"container\">\n\t\t\t\t<div class=\"elementor-element elementor-element-385ba55 elementor-widget__width-initial elementor-widget elementor-widget-text-editor\" data-id=\"385ba55\" data-element_type=\"widget\" data-e-type=\"widget\" data-widget_type=\"text-editor.default\">\n\t\t\t\t\t\t\t\t\t<p style=\"text-align: center;\"><span style=\"font-family: 'times new roman', times, serif; font-size: 14pt; color: #000000;\"><strong><span style=\"vertical-align: inherit;\"><span style=\"vertical-align: inherit;\"><span style=\"vertical-align: inherit;\"><span style=\"vertical-align: inherit;\"><span style=\"vertical-align: inherit;\"><span style=\"vertical-align: inherit;\"><span style=\"vertical-align: inherit;\"><span style=\"vertical-align: inherit;\"><span style=\"vertical-align: inherit;\"><span style=\"vertical-align: inherit;\"><span style=\"vertical-align: inherit;\"><span style=\"vertical-align: inherit;\"><span style=\"vertical-align: inherit;\"><span style=\"vertical-align: inherit;\"><span style=\"vertical-align: inherit;\"><span style=\"vertical-align: inherit;\"><span style=\"vertical-align: inherit;\"><span style=\"vertical-align: inherit;\"><span style=\"vertical-align: inherit;\"><span style=\"vertical-align: inherit;\">FASE 2<\/span><\/span><\/span><\/span><\/span><\/span><\/span><\/span><\/span><\/span><\/span><\/span><\/span><\/span><\/span><\/span><\/span><\/span><\/span><\/span><\/strong><\/span><\/p><p style=\"text-align: center;\"><span style=\"font-family: 'times new roman', times, serif; font-size: 14pt; color: #000000;\"><strong><span style=\"vertical-align: inherit;\"><span style=\"vertical-align: inherit;\"><span style=\"vertical-align: inherit;\"><span style=\"vertical-align: inherit;\"><span style=\"vertical-align: inherit;\"><span style=\"vertical-align: inherit;\"><span style=\"vertical-align: inherit;\"><span style=\"vertical-align: inherit;\"><span style=\"vertical-align: inherit;\"><span style=\"vertical-align: inherit;\">\u00a0<\/span><\/span><\/span><\/span><\/span><\/span><\/span><\/span><\/span><\/span><\/strong><\/span><\/p><p style=\"text-align: center;\"><span style=\"color: #000000;\"><strong><span style=\"vertical-align: inherit;\"><span style=\"vertical-align: inherit;\"><span style=\"vertical-align: inherit;\"><span style=\"vertical-align: inherit;\"><span style=\"vertical-align: inherit;\"><span style=\"vertical-align: inherit;\"><span style=\"vertical-align: inherit;\"><span style=\"vertical-align: inherit;\">Deliberaci\u00f3n sobre el informe presentado por la m\u00e1xima autoridad a la ciudadan\u00eda<\/span><\/span><\/span><\/span><\/span><\/span><\/span><\/span><\/strong><\/span><\/p><p>\u00a0<\/p><p><span style=\"vertical-align: inherit;\"><span style=\"vertical-align: inherit;\"><span style=\"vertical-align: inherit;\"><span style=\"vertical-align: inherit;\">Presentaci\u00f3n del informe de rendici\u00f3n de cuentas<\/span><\/span><\/span><\/span><\/p><p>\u00a0<\/p><p><a href=\"https:\/\/drive.google.com\/file\/d\/1EccHCRFEEpHByMuHaOhcAC8mWZp3KPPq\/view?usp=sharing\"><span style=\"vertical-align: inherit;\"><span style=\"vertical-align: inherit;\"><span style=\"vertical-align: inherit;\"><span style=\"vertical-align: inherit;\">Informe de rendici\u00f3n de cuentas<\/span><\/span><\/span><\/span><\/a><\/p><p>\u00a0<\/p><p><a href=\"https:\/\/docs.google.com\/spreadsheets\/d\/1RHyBAXI0rcfx6SGX8fcpaHGmvGQm8Se6\/edit?usp=sharing&amp;ouid=107512531358355332036&amp;rtpof=true&amp;sd=true\">Formulario preliminar\u00a0<\/a><\/p><p>\u00a0<\/p><p><span style=\"vertical-align: inherit;\"><span style=\"vertical-align: inherit;\"><span style=\"vertical-align: inherit;\"><span style=\"vertical-align: inherit;\">Planificaci\u00f3n de los eventos participativos<\/span><\/span><\/span><\/span><\/p><p>\u00a0<\/p><p><span style=\"vertical-align: inherit;\"><span style=\"vertical-align: inherit;\"><span style=\"vertical-align: inherit;\"><span style=\"vertical-align: inherit;\">Realizaci\u00f3n del evento de rendici\u00f3n de cuentas<\/span><\/span><\/span><\/span><\/p><p>\u00a0<\/p><p><span style=\"vertical-align: inherit;\"><span style=\"vertical-align: inherit;\"><span style=\"vertical-align: inherit;\"><span style=\"vertical-align: inherit;\">Difusi\u00f3n del video, informe y formulario de rendici\u00f3n de cuentas<\/span><\/span><\/span><\/span><\/p><p>\u00a0<\/p><p><span style=\"vertical-align: inherit;\"><span style=\"vertical-align: inherit;\"><span style=\"vertical-align: inherit;\"><span style=\"vertical-align: inherit;\">Acta de compromiso para el cumplimiento de aportes ciudadanos<\/span><\/span><\/span><\/span><\/p><ul><li style=\"list-style-type: none;\">\u00a0<\/li><\/ul>\t\t\t\t\t\t\t\t<\/div>\n\t\t\t\t<\/div>\n\t\t<div class=\"elementor-element elementor-element-f7bedf0 e-con-full e-flex e-con e-child\" data-id=\"f7bedf0\" data-element_type=\"container\" data-e-type=\"container\">\n\t\t\t\t<div class=\"elementor-element elementor-element-eb3169c elementor-widget__width-initial elementor-widget elementor-widget-text-editor\" data-id=\"eb3169c\" data-element_type=\"widget\" data-e-type=\"widget\" data-widget_type=\"text-editor.default\">\n\t\t\t\t\t\t\t\t\t<p style=\"text-align: center;\"><span style=\"font-family: 'times new roman', times, serif; font-size: 14pt; color: #000000;\"><strong><span style=\"vertical-align: inherit;\"><span style=\"vertical-align: inherit;\"><span style=\"vertical-align: inherit;\"><span style=\"vertical-align: inherit;\"><span style=\"vertical-align: inherit;\"><span style=\"vertical-align: inherit;\"><span style=\"vertical-align: inherit;\"><span style=\"vertical-align: inherit;\"><span style=\"vertical-align: inherit;\"><span style=\"vertical-align: inherit;\"><span style=\"vertical-align: inherit;\"><span style=\"vertical-align: inherit;\"><span style=\"vertical-align: inherit;\"><span style=\"vertical-align: inherit;\">FASE 4<\/span><\/span><\/span><\/span><\/span><\/span><\/span><\/span><\/span><\/span><\/span><\/span><\/span><\/span><\/strong><\/span><\/p><p>\u00a0<\/p><p style=\"text-align: center;\"><span style=\"color: #000000;\"><strong><span style=\"vertical-align: inherit;\"><span style=\"vertical-align: inherit;\">Entrega del informe al CPCCS<\/span><\/span><\/strong><\/span><\/p><p>\u00a0<\/p><p>\u00a0<\/p><p>\u00a0<\/p><p><span style=\"vertical-align: inherit;\"><span style=\"vertical-align: inherit;\">Incorporaci\u00f3n de los aportes ciudadanos al informe de rendici\u00f3n de cuentas\u00a0<\/span><\/span><\/p><p>\u00a0<\/p><p><span style=\"vertical-align: inherit;\"><span style=\"vertical-align: inherit;\">Entrega del informe de rendici\u00f3n de cuentas al CPCCS, por medio del ingreso en el sistema virtual<\/span><\/span><\/p><p>\u00a0<\/p><p><span style=\"vertical-align: inherit;\"><span style=\"vertical-align: inherit;\">Publicar reporte de cumplimiento de entrega del informe de RC 2023 al CPCCS en la web 2023<\/span><\/span><\/p>\t\t\t\t\t\t\t\t<\/div>\n\t\t\t\t<\/div>\n\t\t<div class=\"elementor-element elementor-element-8f1300c e-con-full e-flex e-con e-child\" data-id=\"8f1300c\" data-element_type=\"container\" data-e-type=\"container\">\n\t\t\t\t<\/div>\n\t\t<div class=\"elementor-element elementor-element-baf9710 e-con-full e-flex e-con e-child\" data-id=\"baf9710\" data-element_type=\"container\" data-e-type=\"container\">\n\t\t\t\t<\/div>\n\t\t<div class=\"elementor-element elementor-element-b7a8e10 e-con-full e-flex e-con e-child\" data-id=\"b7a8e10\" data-element_type=\"container\" data-e-type=\"container\">\n\t\t\t\t<\/div>\n\t\t\t\t\t<\/div>\n\t\t\t\t<\/div>\n\t\t\t\t<\/div>\n\t\t","protected":false},"excerpt":{"rendered":"<p>RENDICI\u00d3N DE CUENTAS 2024 EP UNACH \u00a0 La rendici\u00f3n de cuentas es un proceso mediante el cual quienes toman decisiones sobre la gesti\u00f3n de lo p\u00fablico, cumplen su deber y responsabilidad de explicar, dar a conocer o responder a la ciudadan\u00eda sobre el manejo de lo p\u00fablico y sus resultados. \u00a0 El objetivo de este [&hellip;]<\/p>\n","protected":false},"author":1,"featured_media":0,"parent":0,"menu_order":1,"comment_status":"closed","ping_status":"closed","template":"elementor_header_footer","meta":{"footnotes":""},"class_list":["post-2310","page","type-page","status-publish","hentry"],"_links":{"self":[{"href":"https:\/\/epunach.com.ec\/wp\/wp-json\/wp\/v2\/pages\/2310","targetHints":{"allow":["GET"]}}],"collection":[{"href":"https:\/\/epunach.com.ec\/wp\/wp-json\/wp\/v2\/pages"}],"about":[{"href":"https:\/\/epunach.com.ec\/wp\/wp-json\/wp\/v2\/types\/page"}],"author":[{"embeddable":true,"href":"https:\/\/epunach.com.ec\/wp\/wp-json\/wp\/v2\/users\/1"}],"replies":[{"embeddable":true,"href":"https:\/\/epunach.com.ec\/wp\/wp-json\/wp\/v2\/comments?post=2310"}],"version-history":[{"count":45,"href":"https:\/\/epunach.com.ec\/wp\/wp-json\/wp\/v2\/pages\/2310\/revisions"}],"predecessor-version":[{"id":2391,"href":"https:\/\/epunach.com.ec\/wp\/wp-json\/wp\/v2\/pages\/2310\/revisions\/2391"}],"wp:attachment":[{"href":"https:\/\/epunach.com.ec\/wp\/wp-json\/wp\/v2\/media?parent=2310"}],"curies":[{"name":"wp","href":"https:\/\/api.w.org\/{rel}","templated":true}]}}